{"id":69,"date":"2019-04-25T16:34:12","date_gmt":"2019-04-25T16:34:12","guid":{"rendered":"https:\/\/vallateater.sorvemaa.ee\/vt\/?page_id=69"},"modified":"2020-07-24T10:25:32","modified_gmt":"2020-07-24T08:25:32","slug":"2010-benes-tolarsky-haljal-aasal","status":"publish","type":"page","link":"https:\/\/vallateater.sorvemaa.ee\/vt\/about\/lavastused\/2010-benes-tolarsky-haljal-aasal\/","title":{"rendered":"2010 Bene\u0161 \/ Tolarsky &#8220;Haljal aasal&#8221;"},"content":{"rendered":"\n<h1 class=\"wp-block-heading\"><br><a href=\"##saurus649code##\/haljal-aasal-2\/\"><\/a><\/h1>\n\n\n\n<p>8. mai 2010<\/p>\n\n\n\n<h3 class=\"wp-block-heading\">Lavastaja<\/h3>\n\n\n\n<ul class=\"wp-block-list\"><li>Maire Sillavee<\/li><\/ul>\n\n\n\n<h3 class=\"wp-block-heading\">Kunstnik<\/h3>\n\n\n\n<ul class=\"wp-block-list\"><li>Tuuli P\u00e4rtel<\/li><\/ul>\n\n\n\n<h3 class=\"wp-block-heading\">Tantsujuht<\/h3>\n\n\n\n<ul class=\"wp-block-list\"><li>Merle Sillavee<\/li><\/ul>\n\n\n\n<h3 class=\"wp-block-heading\">Laulu\u00f5petaja<\/h3>\n\n\n\n<ul class=\"wp-block-list\"><li>Mai Rand<\/li><\/ul>\n\n\n\n<h3 class=\"wp-block-heading\">Helitehnik<\/h3>\n\n\n\n<ul class=\"wp-block-list\"><li>Margus Lepik<\/li><\/ul>\n\n\n\n<h3 class=\"wp-block-heading\">N\u00e4itlejad<\/h3>\n\n\n\n<ul class=\"wp-block-list\"><li>Viljar Merivald<br>Parun Felseck, m\u00f5isaomanik<\/li><li>Kaidi Ottis<br>Renee, tema vennat\u00fctar<\/li><li>Andrus Oder<br>Krahv Bobby Wittgenstein<\/li><li>Silver \u00d5un<br>P\u00f5llumajandusteaduse professor Josef Bamberg<\/li><li>Katrin Aavik<br>Lola, Bobby s\u00f5bratar<\/li><li>Meelis Juhandi<br>Heinz Liebling, metsandusinserner<\/li><li>Mati Schmuul<br>metsa\u00fclem<\/li><li>Kalmer Poopuu<br>Pankraz Niedertupfer, metsavaht<\/li><li>Annika Juhandi<br>Creszens Niedertupfer, metsavahi naine<\/li><li>Kaia Prostang<br>Liesl\u00a0Niedertupfer, metsavahi t\u00fctar<\/li><li>Marina Maasik\u00a8Anna, toaneitsi<\/li><li>Viljer L\u00f5bus\u00a8tsirkuse v\u00e4ljah\u00f5ikaja<\/li><li>Veljo Kuivj\u00f5gi\u00a8Stoffl, sulane<\/li><li>Nublu\u00a8Scipio, professori koer<\/li><\/ul>\n\n\n\n<p>K\u00fclarahvas<\/p>\n\n\n\n<ul class=\"wp-block-list\"><li>Marika J\u00e4rveots, Marika Paas, Kristel Himmist, Kristina ja Jaan Prants, Kaie ja Johannes Usin, Hiie ja Veljo Kuivj\u00f5gi, Mare Poopuu, Anni ja Tarvo Veskin\u00f5mm, Meelis Raaper, Ken Toodre, Andre Anis, Reedik Aavik, Helle ja Rein Timm<br><\/li><\/ul>\n\n\n\n<figure class=\"wp-block-image size-large\"><img loading=\"lazy\" decoding=\"async\" width=\"1024\" height=\"683\" src=\"https:\/\/vallateater.sorvemaa.ee\/vt\/wp-content\/uploads\/2020\/07\/IMG_6822-1024x683.jpg\" alt=\"\" class=\"wp-image-299\" srcset=\"https:\/\/vallateater.sorvemaa.ee\/vt\/wp-content\/uploads\/2020\/07\/IMG_6822-1024x683.jpg 1024w, https:\/\/vallateater.sorvemaa.ee\/vt\/wp-content\/uploads\/2020\/07\/IMG_6822-300x200.jpg 300w, https:\/\/vallateater.sorvemaa.ee\/vt\/wp-content\/uploads\/2020\/07\/IMG_6822-768x512.jpg 768w, https:\/\/vallateater.sorvemaa.ee\/vt\/wp-content\/uploads\/2020\/07\/IMG_6822-1536x1024.jpg 1536w, https:\/\/vallateater.sorvemaa.ee\/vt\/wp-content\/uploads\/2020\/07\/IMG_6822-2048x1365.jpg 2048w, https:\/\/vallateater.sorvemaa.ee\/vt\/wp-content\/uploads\/2020\/07\/IMG_6822-850x567.jpg 850w\" sizes=\"auto, (max-width: 1024px) 100vw, 1024px\" \/><figcaption>Esietendus 08.05.2010<br>K\u00fclateatrite festival 2010 -Elegantse terviku preemia<\/figcaption><\/figure>\n","protected":false},"excerpt":{"rendered":"<p>8. mai 2010 Lavastaja Maire Sillavee Kunstnik Tuuli P\u00e4rtel Tantsujuht Merle Sillavee Laulu\u00f5petaja Mai Rand Helitehnik Margus Lepik N\u00e4itlejad Viljar MerivaldParun Felseck, m\u00f5isaomanik Kaidi OttisRenee, tema vennat\u00fctar Andrus OderKrahv Bobby Wittgenstein Silver \u00d5unP\u00f5llumajandusteaduse professor Josef Bamberg Katrin AavikLola, Bobby s\u00f5bratar Meelis JuhandiHeinz Liebling, metsandusinserner Mati Schmuulmetsa\u00fclem Kalmer PoopuuPankraz Niedertupfer, metsavaht Annika JuhandiCreszens Niedertupfer, metsavahi naine&#8230;<\/p>\n","protected":false},"author":1,"featured_media":0,"parent":55,"menu_order":0,"comment_status":"closed","ping_status":"closed","template":"","meta":{"footnotes":""},"class_list":["post-69","page","type-page","status-publish","hentry"],"_links":{"self":[{"href":"https:\/\/vallateater.sorvemaa.ee\/vt\/wp-json\/wp\/v2\/pages\/69","targetHints":{"allow":["GET"]}}],"collection":[{"href":"https:\/\/vallateater.sorvemaa.ee\/vt\/wp-json\/wp\/v2\/pages"}],"about":[{"href":"https:\/\/vallateater.sorvemaa.ee\/vt\/wp-json\/wp\/v2\/types\/page"}],"author":[{"embeddable":true,"href":"https:\/\/vallateater.sorvemaa.ee\/vt\/wp-json\/wp\/v2\/users\/1"}],"replies":[{"embeddable":true,"href":"https:\/\/vallateater.sorvemaa.ee\/vt\/wp-json\/wp\/v2\/comments?post=69"}],"version-history":[{"count":3,"href":"https:\/\/vallateater.sorvemaa.ee\/vt\/wp-json\/wp\/v2\/pages\/69\/revisions"}],"predecessor-version":[{"id":302,"href":"https:\/\/vallateater.sorvemaa.ee\/vt\/wp-json\/wp\/v2\/pages\/69\/revisions\/302"}],"up":[{"embeddable":true,"href":"https:\/\/vallateater.sorvemaa.ee\/vt\/wp-json\/wp\/v2\/pages\/55"}],"wp:attachment":[{"href":"https:\/\/vallateater.sorvemaa.ee\/vt\/wp-json\/wp\/v2\/media?parent=69"}],"curies":[{"name":"wp","href":"https:\/\/api.w.org\/{rel}","templated":true}]}}