{"id":1579,"date":"2026-03-18T11:16:00","date_gmt":"2026-03-18T09:16:00","guid":{"rendered":"https:\/\/vallateater.sorvemaa.ee\/vt\/?page_id=1579"},"modified":"2026-03-19T12:24:32","modified_gmt":"2026-03-19T10:24:32","slug":"2026-2","status":"publish","type":"page","link":"https:\/\/vallateater.sorvemaa.ee\/vt\/2026-2\/","title":{"rendered":"2026    MISSIOON"},"content":{"rendered":"\n<h2 class=\"wp-block-heading\">ehk et\u00fc\u00fcd armastusest ja argip\u00e4evast<\/h2>\n\n\n\n<p>autor ja lavastuse mentor Janno Puusepp<\/p>\n\n\n\n<figure class=\"wp-block-image size-large\"><a href=\"https:\/\/vallateater.sorvemaa.ee\/vt\/wp-content\/uploads\/2026\/02\/20260209_1910412pilt-levitamiseks-1-scaled.jpg\"><img loading=\"lazy\" decoding=\"async\" width=\"1024\" height=\"768\" src=\"https:\/\/vallateater.sorvemaa.ee\/vt\/wp-content\/uploads\/2026\/02\/20260209_1910412pilt-levitamiseks-1-1024x768.jpg\" alt=\"\" class=\"wp-image-1580\" srcset=\"https:\/\/vallateater.sorvemaa.ee\/vt\/wp-content\/uploads\/2026\/02\/20260209_1910412pilt-levitamiseks-1-1024x768.jpg 1024w, https:\/\/vallateater.sorvemaa.ee\/vt\/wp-content\/uploads\/2026\/02\/20260209_1910412pilt-levitamiseks-1-300x225.jpg 300w, https:\/\/vallateater.sorvemaa.ee\/vt\/wp-content\/uploads\/2026\/02\/20260209_1910412pilt-levitamiseks-1-768x576.jpg 768w, https:\/\/vallateater.sorvemaa.ee\/vt\/wp-content\/uploads\/2026\/02\/20260209_1910412pilt-levitamiseks-1-1536x1152.jpg 1536w, https:\/\/vallateater.sorvemaa.ee\/vt\/wp-content\/uploads\/2026\/02\/20260209_1910412pilt-levitamiseks-1-2048x1536.jpg 2048w, https:\/\/vallateater.sorvemaa.ee\/vt\/wp-content\/uploads\/2026\/02\/20260209_1910412pilt-levitamiseks-1-850x638.jpg 850w\" sizes=\"auto, (max-width: 1024px) 100vw, 1024px\" \/><\/a><\/figure>\n\n\n\n<p>Lavastaja Maire Sillavee<\/p>\n\n\n\n<p>Kunstnik Margus Lepik<\/p>\n\n\n\n<p>Lavameister Urmas Sillavee<\/p>\n\n\n\n<figure class=\"wp-block-image size-large\"><a href=\"https:\/\/vallateater.sorvemaa.ee\/vt\/wp-content\/uploads\/2026\/03\/20260202_194932-8-scaled.jpg\"><img loading=\"lazy\" decoding=\"async\" width=\"768\" height=\"1024\" src=\"https:\/\/vallateater.sorvemaa.ee\/vt\/wp-content\/uploads\/2026\/03\/20260202_194932-8-768x1024.jpg\" alt=\"\" class=\"wp-image-1588\" srcset=\"https:\/\/vallateater.sorvemaa.ee\/vt\/wp-content\/uploads\/2026\/03\/20260202_194932-8-768x1024.jpg 768w, https:\/\/vallateater.sorvemaa.ee\/vt\/wp-content\/uploads\/2026\/03\/20260202_194932-8-225x300.jpg 225w, https:\/\/vallateater.sorvemaa.ee\/vt\/wp-content\/uploads\/2026\/03\/20260202_194932-8-1152x1536.jpg 1152w, https:\/\/vallateater.sorvemaa.ee\/vt\/wp-content\/uploads\/2026\/03\/20260202_194932-8-1536x2048.jpg 1536w, https:\/\/vallateater.sorvemaa.ee\/vt\/wp-content\/uploads\/2026\/03\/20260202_194932-8-300x400.jpg 300w, https:\/\/vallateater.sorvemaa.ee\/vt\/wp-content\/uploads\/2026\/03\/20260202_194932-8-850x1133.jpg 850w, https:\/\/vallateater.sorvemaa.ee\/vt\/wp-content\/uploads\/2026\/03\/20260202_194932-8-scaled.jpg 1920w\" sizes=\"auto, (max-width: 768px) 100vw, 768px\" \/><\/a><\/figure>\n\n\n\n<ul class=\"wp-block-list\">\n<li>Tea Merivald<\/li>\n\n\n\n<li>Kaidi Ottis<\/li>\n\n\n\n<li>Aivar Rand ( mehe h\u00e4\u00e4l)<\/li>\n<\/ul>\n\n\n\n<p>Esietendus 13.veebruaril 2026 Salme Rahvamajas<\/p>\n\n\n\n<figure class=\"wp-block-image size-large is-resized\"><a href=\"https:\/\/vallateater.sorvemaa.ee\/vt\/wp-content\/uploads\/2026\/03\/20260213_200537-esiet-grupp.jpg\"><img loading=\"lazy\" decoding=\"async\" width=\"683\" height=\"1024\" src=\"https:\/\/vallateater.sorvemaa.ee\/vt\/wp-content\/uploads\/2026\/03\/20260213_200537-esiet-grupp-683x1024.jpg\" alt=\"\" class=\"wp-image-1586\" style=\"width:612px;height:auto\" srcset=\"https:\/\/vallateater.sorvemaa.ee\/vt\/wp-content\/uploads\/2026\/03\/20260213_200537-esiet-grupp-683x1024.jpg 683w, https:\/\/vallateater.sorvemaa.ee\/vt\/wp-content\/uploads\/2026\/03\/20260213_200537-esiet-grupp-200x300.jpg 200w, https:\/\/vallateater.sorvemaa.ee\/vt\/wp-content\/uploads\/2026\/03\/20260213_200537-esiet-grupp-768x1152.jpg 768w, https:\/\/vallateater.sorvemaa.ee\/vt\/wp-content\/uploads\/2026\/03\/20260213_200537-esiet-grupp-300x450.jpg 300w, https:\/\/vallateater.sorvemaa.ee\/vt\/wp-content\/uploads\/2026\/03\/20260213_200537-esiet-grupp.jpg 811w\" sizes=\"auto, (max-width: 683px) 100vw, 683px\" \/><\/a><\/figure>\n\n\n\n<p><\/p>\n","protected":false},"excerpt":{"rendered":"<p>ehk et\u00fc\u00fcd armastusest ja argip\u00e4evast autor ja lavastuse mentor Janno Puusepp Lavastaja Maire Sillavee Kunstnik Margus Lepik Lavameister Urmas Sillavee Esietendus 13.veebruaril 2026 Salme Rahvamajas<\/p>\n","protected":false},"author":2,"featured_media":0,"parent":0,"menu_order":0,"comment_status":"closed","ping_status":"closed","template":"","meta":{"footnotes":""},"class_list":["post-1579","page","type-page","status-publish","hentry"],"_links":{"self":[{"href":"https:\/\/vallateater.sorvemaa.ee\/vt\/wp-json\/wp\/v2\/pages\/1579","targetHints":{"allow":["GET"]}}],"collection":[{"href":"https:\/\/vallateater.sorvemaa.ee\/vt\/wp-json\/wp\/v2\/pages"}],"about":[{"href":"https:\/\/vallateater.sorvemaa.ee\/vt\/wp-json\/wp\/v2\/types\/page"}],"author":[{"embeddable":true,"href":"https:\/\/vallateater.sorvemaa.ee\/vt\/wp-json\/wp\/v2\/users\/2"}],"replies":[{"embeddable":true,"href":"https:\/\/vallateater.sorvemaa.ee\/vt\/wp-json\/wp\/v2\/comments?post=1579"}],"version-history":[{"count":4,"href":"https:\/\/vallateater.sorvemaa.ee\/vt\/wp-json\/wp\/v2\/pages\/1579\/revisions"}],"predecessor-version":[{"id":1591,"href":"https:\/\/vallateater.sorvemaa.ee\/vt\/wp-json\/wp\/v2\/pages\/1579\/revisions\/1591"}],"wp:attachment":[{"href":"https:\/\/vallateater.sorvemaa.ee\/vt\/wp-json\/wp\/v2\/media?parent=1579"}],"curies":[{"name":"wp","href":"https:\/\/api.w.org\/{rel}","templated":true}]}}