{"id":1557,"date":"2025-11-09T12:18:57","date_gmt":"2025-11-09T10:18:57","guid":{"rendered":"https:\/\/vallateater.sorvemaa.ee\/vt\/?page_id=1557"},"modified":"2025-11-09T12:18:57","modified_gmt":"2025-11-09T10:18:57","slug":"2025-koster","status":"publish","type":"page","link":"https:\/\/vallateater.sorvemaa.ee\/vt\/2025-koster\/","title":{"rendered":"2025 &#8220;K\u00d6STER&#8221;"},"content":{"rendered":"\n<p>A.Kivir\u00e4hk<\/p>\n\n\n\n<figure class=\"wp-block-image size-large\"><a href=\"https:\/\/vallateater.sorvemaa.ee\/vt\/wp-content\/uploads\/2025\/11\/20250714_153528.jpg\"><img loading=\"lazy\" decoding=\"async\" width=\"768\" height=\"1024\" src=\"https:\/\/vallateater.sorvemaa.ee\/vt\/wp-content\/uploads\/2025\/11\/20250714_153528-768x1024.jpg\" alt=\"\" class=\"wp-image-1558\" srcset=\"https:\/\/vallateater.sorvemaa.ee\/vt\/wp-content\/uploads\/2025\/11\/20250714_153528-768x1024.jpg 768w, https:\/\/vallateater.sorvemaa.ee\/vt\/wp-content\/uploads\/2025\/11\/20250714_153528-225x300.jpg 225w, https:\/\/vallateater.sorvemaa.ee\/vt\/wp-content\/uploads\/2025\/11\/20250714_153528-300x400.jpg 300w, https:\/\/vallateater.sorvemaa.ee\/vt\/wp-content\/uploads\/2025\/11\/20250714_153528-850x1133.jpg 850w, https:\/\/vallateater.sorvemaa.ee\/vt\/wp-content\/uploads\/2025\/11\/20250714_153528.jpg 1066w\" sizes=\"auto, (max-width: 768px) 100vw, 768px\" \/><\/a><\/figure>\n\n\n\n<p>Esietendus 17.juuli 2025 Tiirimetsaa koolimajas<\/p>\n\n\n\n<ul class=\"wp-block-list\">\n<li>Lavastaja Maire Sillavee<\/li>\n\n\n\n<li>Heli ja valgus Margus Lepik<\/li>\n<\/ul>\n\n\n\n<p>K\u00f6stri hinge eest kannab hoolt Kalmer Poopuu<\/p>\n\n\n\n<p>festival &#8220;Laval ainult mehed&#8221;  07.11.25 Lendteatris &#8211;  &#8220;T\u00f5etruu ja usutava karakteri loomise eest&#8221; <\/p>\n\n\n\n<p>teatriprojekt: &#8220;K\u00f6ster&#8221; kadunud koolimajades&#8221;  : etendused endistes koolimajades , mis n\u00fc\u00fcd seltsimajade hoole all<\/p>\n\n\n\n\n\n<p><\/p>\n","protected":false},"excerpt":{"rendered":"<p>A.Kivir\u00e4hk Esietendus 17.juuli 2025 Tiirimetsaa koolimajas K\u00f6stri hinge eest kannab hoolt Kalmer Poopuu festival &#8220;Laval ainult mehed&#8221; 07.11.25 Lendteatris &#8211; &#8220;T\u00f5etruu ja usutava karakteri loomise eest&#8221; teatriprojekt: &#8220;K\u00f6ster&#8221; kadunud koolimajades&#8221; : etendused endistes koolimajades , mis n\u00fc\u00fcd seltsimajade hoole all<\/p>\n","protected":false},"author":2,"featured_media":0,"parent":0,"menu_order":0,"comment_status":"closed","ping_status":"closed","template":"","meta":{"footnotes":""},"class_list":["post-1557","page","type-page","status-publish","hentry"],"_links":{"self":[{"href":"https:\/\/vallateater.sorvemaa.ee\/vt\/wp-json\/wp\/v2\/pages\/1557","targetHints":{"allow":["GET"]}}],"collection":[{"href":"https:\/\/vallateater.sorvemaa.ee\/vt\/wp-json\/wp\/v2\/pages"}],"about":[{"href":"https:\/\/vallateater.sorvemaa.ee\/vt\/wp-json\/wp\/v2\/types\/page"}],"author":[{"embeddable":true,"href":"https:\/\/vallateater.sorvemaa.ee\/vt\/wp-json\/wp\/v2\/users\/2"}],"replies":[{"embeddable":true,"href":"https:\/\/vallateater.sorvemaa.ee\/vt\/wp-json\/wp\/v2\/comments?post=1557"}],"version-history":[{"count":1,"href":"https:\/\/vallateater.sorvemaa.ee\/vt\/wp-json\/wp\/v2\/pages\/1557\/revisions"}],"predecessor-version":[{"id":1559,"href":"https:\/\/vallateater.sorvemaa.ee\/vt\/wp-json\/wp\/v2\/pages\/1557\/revisions\/1559"}],"wp:attachment":[{"href":"https:\/\/vallateater.sorvemaa.ee\/vt\/wp-json\/wp\/v2\/media?parent=1557"}],"curies":[{"name":"wp","href":"https:\/\/api.w.org\/{rel}","templated":true}]}}