{"id":151,"date":"2019-04-25T18:46:05","date_gmt":"2019-04-25T18:46:05","guid":{"rendered":"https:\/\/vallateater.sorvemaa.ee\/vt\/?page_id=151"},"modified":"2020-07-23T12:45:01","modified_gmt":"2020-07-23T10:45:01","slug":"2017-hendrik-ibsen-nukumaja","status":"publish","type":"page","link":"https:\/\/vallateater.sorvemaa.ee\/vt\/about\/lavastused\/2017-hendrik-ibsen-nukumaja\/","title":{"rendered":"2017 Hendrik Ibsen &#8220;Nukumaja&#8221;"},"content":{"rendered":"\n<p>lavastaja: Ed\u012bte Neimane<\/p>\n\n\n\n<p>abilavastaja: Maire Sillavee<\/p>\n\n\n\n<p>helikujundus: Edite Neimane, Margus Lepik<\/p>\n\n\n\n<p>Valgus-, helire\u017eii: Oliver Kilter, Margus Lepik<\/p>\n\n\n\n<p>N\u00e4itlejad:<\/p>\n\n\n\n<ul class=\"wp-block-list\"><li>Anni Veskin\u00f5mm<\/li><li>Annika Juhand<\/li><li>Tea Merivald<\/li><li>Margus Lepik<\/li><li>Meelis Juhandi<\/li><li>Viljar Merivald<\/li><\/ul>\n\n\n\n<figure class=\"wp-block-image size-large\"><img loading=\"lazy\" decoding=\"async\" width=\"1024\" height=\"768\" src=\"https:\/\/vallateater.sorvemaa.ee\/vt\/wp-content\/uploads\/2020\/07\/20171104_214127-1024x768.jpg\" alt=\"\" class=\"wp-image-245\" srcset=\"https:\/\/vallateater.sorvemaa.ee\/vt\/wp-content\/uploads\/2020\/07\/20171104_214127-1024x768.jpg 1024w, https:\/\/vallateater.sorvemaa.ee\/vt\/wp-content\/uploads\/2020\/07\/20171104_214127-300x225.jpg 300w, https:\/\/vallateater.sorvemaa.ee\/vt\/wp-content\/uploads\/2020\/07\/20171104_214127-768x576.jpg 768w, https:\/\/vallateater.sorvemaa.ee\/vt\/wp-content\/uploads\/2020\/07\/20171104_214127-1536x1152.jpg 1536w, https:\/\/vallateater.sorvemaa.ee\/vt\/wp-content\/uploads\/2020\/07\/20171104_214127-2048x1536.jpg 2048w, https:\/\/vallateater.sorvemaa.ee\/vt\/wp-content\/uploads\/2020\/07\/20171104_214127-850x638.jpg 850w\" sizes=\"auto, (max-width: 1024px) 100vw, 1024px\" \/><figcaption>Esietendus 07.06.2018<\/figcaption><\/figure>\n\n\n\n<p>ProvintsiTeatriP\u00e4ev 2018:  Laureaat, Meelis Juhandi &#8211; rollipreemia<\/p>\n\n\n\n<p>        <\/p>\n","protected":false},"excerpt":{"rendered":"<p>lavastaja: Ed\u012bte Neimane abilavastaja: Maire Sillavee helikujundus: Edite Neimane, Margus Lepik Valgus-, helire\u017eii: Oliver Kilter, Margus Lepik N\u00e4itlejad: Anni Veskin\u00f5mm Annika Juhand Tea Merivald Margus Lepik Meelis Juhandi Viljar Merivald ProvintsiTeatriP\u00e4ev 2018: Laureaat, Meelis Juhandi &#8211; rollipreemia<\/p>\n","protected":false},"author":1,"featured_media":0,"parent":55,"menu_order":0,"comment_status":"closed","ping_status":"closed","template":"","meta":{"footnotes":""},"class_list":["post-151","page","type-page","status-publish","hentry"],"_links":{"self":[{"href":"https:\/\/vallateater.sorvemaa.ee\/vt\/wp-json\/wp\/v2\/pages\/151","targetHints":{"allow":["GET"]}}],"collection":[{"href":"https:\/\/vallateater.sorvemaa.ee\/vt\/wp-json\/wp\/v2\/pages"}],"about":[{"href":"https:\/\/vallateater.sorvemaa.ee\/vt\/wp-json\/wp\/v2\/types\/page"}],"author":[{"embeddable":true,"href":"https:\/\/vallateater.sorvemaa.ee\/vt\/wp-json\/wp\/v2\/users\/1"}],"replies":[{"embeddable":true,"href":"https:\/\/vallateater.sorvemaa.ee\/vt\/wp-json\/wp\/v2\/comments?post=151"}],"version-history":[{"count":4,"href":"https:\/\/vallateater.sorvemaa.ee\/vt\/wp-json\/wp\/v2\/pages\/151\/revisions"}],"predecessor-version":[{"id":264,"href":"https:\/\/vallateater.sorvemaa.ee\/vt\/wp-json\/wp\/v2\/pages\/151\/revisions\/264"}],"up":[{"embeddable":true,"href":"https:\/\/vallateater.sorvemaa.ee\/vt\/wp-json\/wp\/v2\/pages\/55"}],"wp:attachment":[{"href":"https:\/\/vallateater.sorvemaa.ee\/vt\/wp-json\/wp\/v2\/media?parent=151"}],"curies":[{"name":"wp","href":"https:\/\/api.w.org\/{rel}","templated":true}]}}