{"id":136,"date":"2019-04-25T18:28:32","date_gmt":"2019-04-25T18:28:32","guid":{"rendered":"https:\/\/vallateater.sorvemaa.ee\/vt\/?page_id=136"},"modified":"2025-07-15T20:26:31","modified_gmt":"2025-07-15T18:26:31","slug":"2018-urmas-lennuk-igavene-kapten","status":"publish","type":"page","link":"https:\/\/vallateater.sorvemaa.ee\/vt\/about\/lavastused\/2018-urmas-lennuk-igavene-kapten\/","title":{"rendered":"2018 Urmas Lennuk &#8220;Igavene Kapten&#8221;"},"content":{"rendered":"\n<p>Youtubes: <a href=\"https:\/\/www.youtube.com\/watch?v=YBc1KEEsTr4\">https:\/\/www.youtube.com\/watch?v=YBc1KEEsTr4<\/a><\/p>\n\n\n\n<p>lavastaja: Maire Sillavee<\/p>\n\n\n\n<p>kost\u00fc\u00fcmid, lavakujundus: Tuuli P\u00e4rtel, Maire Sillavee<\/p>\n\n\n\n<p>heli-, valgusre\u017eii: Margus Lepik<\/p>\n\n\n\n<p>n\u00e4itlejad:<\/p>\n\n\n\n<ul class=\"wp-block-list\">\n<li>Eliis Raaper<\/li>\n\n\n\n<li>Meelis Juhandi<\/li>\n\n\n\n<li>Kalmer Poopuu<\/li>\n\n\n\n<li>Jakob Naagel<\/li>\n\n\n\n<li>Joonas Preedin<\/li>\n<\/ul>\n\n\n\n<figure class=\"wp-block-image size-large\"><img loading=\"lazy\" decoding=\"async\" width=\"1024\" height=\"683\" src=\"https:\/\/vallateater.sorvemaa.ee\/vt\/wp-content\/uploads\/2020\/07\/IMG_0605-1024x683.jpg\" alt=\"\" class=\"wp-image-243\" srcset=\"https:\/\/vallateater.sorvemaa.ee\/vt\/wp-content\/uploads\/2020\/07\/IMG_0605-1024x683.jpg 1024w, https:\/\/vallateater.sorvemaa.ee\/vt\/wp-content\/uploads\/2020\/07\/IMG_0605-300x200.jpg 300w, https:\/\/vallateater.sorvemaa.ee\/vt\/wp-content\/uploads\/2020\/07\/IMG_0605-768x512.jpg 768w, https:\/\/vallateater.sorvemaa.ee\/vt\/wp-content\/uploads\/2020\/07\/IMG_0605-1536x1024.jpg 1536w, https:\/\/vallateater.sorvemaa.ee\/vt\/wp-content\/uploads\/2020\/07\/IMG_0605-2048x1365.jpg 2048w, https:\/\/vallateater.sorvemaa.ee\/vt\/wp-content\/uploads\/2020\/07\/IMG_0605-850x567.jpg 850w\" sizes=\"auto, (max-width: 1024px) 100vw, 1024px\" \/><figcaption class=\"wp-element-caption\">Esietendus 07.06.2018<\/figcaption><\/figure>\n\n\n\n<p>K\u00fclateatrite festival 2018:  laureaat, Meelis Juhandi &#8211; Parim meesn\u00e4itleja,  Eliis Raaper &#8211; N\u00e4itlejapreemia<\/p>\n\n\n\n<p>EHL Riigifestival 2020:  eripreemia lavalise atmosf\u00e4\u00e4ri loomise eest,<\/p>\n\n\n\n<p> Meelis Juhandi &#8211; N\u00e4itlejapreemia<\/p>\n\n\n\n<p><\/p>\n","protected":false},"excerpt":{"rendered":"<p>Youtubes: https:\/\/www.youtube.com\/watch?v=YBc1KEEsTr4 lavastaja: Maire Sillavee kost\u00fc\u00fcmid, lavakujundus: Tuuli P\u00e4rtel, Maire Sillavee heli-, valgusre\u017eii: Margus Lepik n\u00e4itlejad: K\u00fclateatrite festival 2018: laureaat, Meelis Juhandi &#8211; Parim meesn\u00e4itleja, Eliis Raaper &#8211; N\u00e4itlejapreemia EHL Riigifestival 2020: eripreemia lavalise atmosf\u00e4\u00e4ri loomise eest, Meelis Juhandi &#8211; N\u00e4itlejapreemia<\/p>\n","protected":false},"author":1,"featured_media":0,"parent":55,"menu_order":0,"comment_status":"closed","ping_status":"closed","template":"","meta":{"footnotes":""},"class_list":["post-136","page","type-page","status-publish","hentry"],"_links":{"self":[{"href":"https:\/\/vallateater.sorvemaa.ee\/vt\/wp-json\/wp\/v2\/pages\/136","targetHints":{"allow":["GET"]}}],"collection":[{"href":"https:\/\/vallateater.sorvemaa.ee\/vt\/wp-json\/wp\/v2\/pages"}],"about":[{"href":"https:\/\/vallateater.sorvemaa.ee\/vt\/wp-json\/wp\/v2\/types\/page"}],"author":[{"embeddable":true,"href":"https:\/\/vallateater.sorvemaa.ee\/vt\/wp-json\/wp\/v2\/users\/1"}],"replies":[{"embeddable":true,"href":"https:\/\/vallateater.sorvemaa.ee\/vt\/wp-json\/wp\/v2\/comments?post=136"}],"version-history":[{"count":4,"href":"https:\/\/vallateater.sorvemaa.ee\/vt\/wp-json\/wp\/v2\/pages\/136\/revisions"}],"predecessor-version":[{"id":1544,"href":"https:\/\/vallateater.sorvemaa.ee\/vt\/wp-json\/wp\/v2\/pages\/136\/revisions\/1544"}],"up":[{"embeddable":true,"href":"https:\/\/vallateater.sorvemaa.ee\/vt\/wp-json\/wp\/v2\/pages\/55"}],"wp:attachment":[{"href":"https:\/\/vallateater.sorvemaa.ee\/vt\/wp-json\/wp\/v2\/media?parent=136"}],"curies":[{"name":"wp","href":"https:\/\/api.w.org\/{rel}","templated":true}]}}