{"id":1296,"date":"2022-05-18T13:58:40","date_gmt":"2022-05-18T11:58:40","guid":{"rendered":"https:\/\/vallateater.sorvemaa.ee\/vt\/?page_id=1296"},"modified":"2023-08-15T09:01:31","modified_gmt":"2023-08-15T07:01:31","slug":"2020-p-quilter-veel-uks-pilet","status":"publish","type":"page","link":"https:\/\/vallateater.sorvemaa.ee\/vt\/about\/lavastused\/2020-p-quilter-veel-uks-pilet\/","title":{"rendered":"2022 P. Quilter &#8220;Veel \u00fcks pilet&#8221;"},"content":{"rendered":"\n<p>Monokom\u00f6\u00f6dia neljas pildis <\/p>\n\n\n\n<p>esietendus 18.03.22<\/p>\n\n\n\n<p>Lavastaja Maire Sillavee<\/p>\n\n\n\n<p>Muusikaline kujundus Margus Lepik<\/p>\n\n\n\n<p>N\u00e4itlejad:<\/p>\n\n\n\n<p>Susan : Marika Paas<\/p>\n\n\n\n<p>Dispet\u0161er (h\u00e4\u00e4l) Tea Merivald<\/p>\n\n\n\n<figure class=\"wp-block-image size-large\"><a href=\"https:\/\/vallateater.sorvemaa.ee\/vt\/wp-content\/uploads\/2023\/08\/DSC_3210-1-scaled.jpg\"><img loading=\"lazy\" decoding=\"async\" width=\"1024\" height=\"768\" src=\"https:\/\/vallateater.sorvemaa.ee\/vt\/wp-content\/uploads\/2023\/08\/DSC_3210-1-1024x768.jpg\" alt=\"\" class=\"wp-image-1313\" srcset=\"https:\/\/vallateater.sorvemaa.ee\/vt\/wp-content\/uploads\/2023\/08\/DSC_3210-1-1024x768.jpg 1024w, https:\/\/vallateater.sorvemaa.ee\/vt\/wp-content\/uploads\/2023\/08\/DSC_3210-1-300x225.jpg 300w, https:\/\/vallateater.sorvemaa.ee\/vt\/wp-content\/uploads\/2023\/08\/DSC_3210-1-768x576.jpg 768w, https:\/\/vallateater.sorvemaa.ee\/vt\/wp-content\/uploads\/2023\/08\/DSC_3210-1-1536x1152.jpg 1536w, https:\/\/vallateater.sorvemaa.ee\/vt\/wp-content\/uploads\/2023\/08\/DSC_3210-1-2048x1536.jpg 2048w, https:\/\/vallateater.sorvemaa.ee\/vt\/wp-content\/uploads\/2023\/08\/DSC_3210-1-850x638.jpg 850w\" sizes=\"auto, (max-width: 1024px) 100vw, 1024px\" \/><\/a><figcaption class=\"wp-element-caption\">Susan peol. M. Lepik 2022<\/figcaption><\/figure>\n","protected":false},"excerpt":{"rendered":"<p>Monokom\u00f6\u00f6dia neljas pildis esietendus 18.03.22 Lavastaja Maire Sillavee Muusikaline kujundus Margus Lepik N\u00e4itlejad: Susan : Marika Paas Dispet\u0161er (h\u00e4\u00e4l) Tea Merivald<\/p>\n","protected":false},"author":2,"featured_media":0,"parent":55,"menu_order":0,"comment_status":"closed","ping_status":"closed","template":"","meta":{"footnotes":""},"class_list":["post-1296","page","type-page","status-publish","hentry"],"_links":{"self":[{"href":"https:\/\/vallateater.sorvemaa.ee\/vt\/wp-json\/wp\/v2\/pages\/1296","targetHints":{"allow":["GET"]}}],"collection":[{"href":"https:\/\/vallateater.sorvemaa.ee\/vt\/wp-json\/wp\/v2\/pages"}],"about":[{"href":"https:\/\/vallateater.sorvemaa.ee\/vt\/wp-json\/wp\/v2\/types\/page"}],"author":[{"embeddable":true,"href":"https:\/\/vallateater.sorvemaa.ee\/vt\/wp-json\/wp\/v2\/users\/2"}],"replies":[{"embeddable":true,"href":"https:\/\/vallateater.sorvemaa.ee\/vt\/wp-json\/wp\/v2\/comments?post=1296"}],"version-history":[{"count":4,"href":"https:\/\/vallateater.sorvemaa.ee\/vt\/wp-json\/wp\/v2\/pages\/1296\/revisions"}],"predecessor-version":[{"id":1314,"href":"https:\/\/vallateater.sorvemaa.ee\/vt\/wp-json\/wp\/v2\/pages\/1296\/revisions\/1314"}],"up":[{"embeddable":true,"href":"https:\/\/vallateater.sorvemaa.ee\/vt\/wp-json\/wp\/v2\/pages\/55"}],"wp:attachment":[{"href":"https:\/\/vallateater.sorvemaa.ee\/vt\/wp-json\/wp\/v2\/media?parent=1296"}],"curies":[{"name":"wp","href":"https:\/\/api.w.org\/{rel}","templated":true}]}}