{"id":1204,"date":"2020-11-20T14:30:56","date_gmt":"2020-11-20T12:30:56","guid":{"rendered":"https:\/\/vallateater.sorvemaa.ee\/vt\/?page_id=1204"},"modified":"2020-11-20T14:30:56","modified_gmt":"2020-11-20T12:30:56","slug":"2015-m-l-mikola-anni-manni","status":"publish","type":"page","link":"https:\/\/vallateater.sorvemaa.ee\/vt\/about\/noortetrupp\/2015-m-l-mikola-anni-manni\/","title":{"rendered":"2015. M-L.Mikola &#8220;Anni -Manni&#8221;"},"content":{"rendered":"\n<p>Lavastaja Maire Sillavee<\/p>\n\n\n\n<p>Laulud Karin Pulk<\/p>\n\n\n\n<p>Lava ja kost\u00fc\u00fcm Ene Sepp<\/p>\n\n\n\n<p>Esietendus 07.05.2015<\/p>\n\n\n\n<p>N\u00e4itlejad:<\/p>\n\n\n\n<ul class=\"wp-block-list\"><li>Liisi Kilgas<\/li><li>Eliis Raaper<\/li><li>Marleen Juhandi<\/li><li>Matis Prostang<\/li><li>Hedy L\u00e4ets<\/li><li>Lota Uussaar<\/li><li>Uku Timm<\/li><li><\/li><\/ul>\n\n\n\n<figure class=\"wp-block-image size-large\"><img loading=\"lazy\" decoding=\"async\" width=\"724\" height=\"1024\" src=\"https:\/\/vallateater.sorvemaa.ee\/vt\/wp-content\/uploads\/2020\/11\/Anni-Manni2015-724x1024.jpg\" alt=\"\" class=\"wp-image-1205\" srcset=\"https:\/\/vallateater.sorvemaa.ee\/vt\/wp-content\/uploads\/2020\/11\/Anni-Manni2015-724x1024.jpg 724w, https:\/\/vallateater.sorvemaa.ee\/vt\/wp-content\/uploads\/2020\/11\/Anni-Manni2015-212x300.jpg 212w, https:\/\/vallateater.sorvemaa.ee\/vt\/wp-content\/uploads\/2020\/11\/Anni-Manni2015-768x1087.jpg 768w, https:\/\/vallateater.sorvemaa.ee\/vt\/wp-content\/uploads\/2020\/11\/Anni-Manni2015-300x425.jpg 300w, https:\/\/vallateater.sorvemaa.ee\/vt\/wp-content\/uploads\/2020\/11\/Anni-Manni2015.jpg 826w\" sizes=\"auto, (max-width: 724px) 100vw, 724px\" \/><\/figure>\n","protected":false},"excerpt":{"rendered":"<p>Lavastaja Maire Sillavee Laulud Karin Pulk Lava ja kost\u00fc\u00fcm Ene Sepp Esietendus 07.05.2015 N\u00e4itlejad: Liisi Kilgas Eliis Raaper Marleen Juhandi Matis Prostang Hedy L\u00e4ets Lota Uussaar Uku Timm<\/p>\n","protected":false},"author":2,"featured_media":0,"parent":98,"menu_order":0,"comment_status":"closed","ping_status":"closed","template":"","meta":{"footnotes":""},"class_list":["post-1204","page","type-page","status-publish","hentry"],"_links":{"self":[{"href":"https:\/\/vallateater.sorvemaa.ee\/vt\/wp-json\/wp\/v2\/pages\/1204","targetHints":{"allow":["GET"]}}],"collection":[{"href":"https:\/\/vallateater.sorvemaa.ee\/vt\/wp-json\/wp\/v2\/pages"}],"about":[{"href":"https:\/\/vallateater.sorvemaa.ee\/vt\/wp-json\/wp\/v2\/types\/page"}],"author":[{"embeddable":true,"href":"https:\/\/vallateater.sorvemaa.ee\/vt\/wp-json\/wp\/v2\/users\/2"}],"replies":[{"embeddable":true,"href":"https:\/\/vallateater.sorvemaa.ee\/vt\/wp-json\/wp\/v2\/comments?post=1204"}],"version-history":[{"count":1,"href":"https:\/\/vallateater.sorvemaa.ee\/vt\/wp-json\/wp\/v2\/pages\/1204\/revisions"}],"predecessor-version":[{"id":1206,"href":"https:\/\/vallateater.sorvemaa.ee\/vt\/wp-json\/wp\/v2\/pages\/1204\/revisions\/1206"}],"up":[{"embeddable":true,"href":"https:\/\/vallateater.sorvemaa.ee\/vt\/wp-json\/wp\/v2\/pages\/98"}],"wp:attachment":[{"href":"https:\/\/vallateater.sorvemaa.ee\/vt\/wp-json\/wp\/v2\/media?parent=1204"}],"curies":[{"name":"wp","href":"https:\/\/api.w.org\/{rel}","templated":true}]}}