{"id":115,"date":"2019-04-25T17:49:08","date_gmt":"2019-04-25T17:49:08","guid":{"rendered":"https:\/\/vallateater.sorvemaa.ee\/vt\/?page_id=115"},"modified":"2021-04-20T10:56:44","modified_gmt":"2021-04-20T08:56:44","slug":"2011-krass-sillaots-ainetel-kelgumaest-ja-punasest-bmw-st","status":"publish","type":"page","link":"https:\/\/vallateater.sorvemaa.ee\/vt\/about\/noortetrupp\/2011-krass-sillaots-ainetel-kelgumaest-ja-punasest-bmw-st\/","title":{"rendered":"2011 Krass, Sillaots ainetel &#8220;Kelgum\u00e4est ja punasest BMW-st&#8221;"},"content":{"rendered":"\n<h2 class=\"wp-block-heading\">Krass, Sillaots &#8220;S\u00f5brap\u00e4ev&#8221; ainetel<\/h2>\n\n\n\n<p>21. Aprill 2011<\/p>\n\n\n\n<h3 class=\"wp-block-heading\">Lavastaja<\/h3>\n\n\n\n<ul class=\"wp-block-list\"><li>Maire Sillavee<\/li><\/ul>\n\n\n\n<h3 class=\"wp-block-heading\">Muusikaline kujundus<\/h3>\n\n\n\n<ul class=\"wp-block-list\"><li>Margus Lepik<\/li><\/ul>\n\n\n\n<h3 class=\"wp-block-heading\">N\u00e4itlejad<\/h3>\n\n\n\n<ul class=\"wp-block-list\"><li>Merili M\u00fc\u00fcr<\/li><li>Kristel Sirel<\/li><li>Gerlin Kruuser<\/li><li>Helina Pesukov<\/li><li>Mari J\u00f5gi<\/li><li>Hedi Remm<\/li><li>Viktooria Saveljeva<\/li><li>Mihkel Tiits<\/li><li>Karl Juhandi<\/li><li>Ilmar Leimann<\/li><li>Ants Saksakulm<\/li><\/ul>\n\n\n\n<figure class=\"wp-block-image size-large\"><a href=\"https:\/\/vallateater.sorvemaa.ee\/vt\/wp-content\/uploads\/2021\/04\/Kelgumaest-ja.punasest-BMW-st-1.jpg\"><img loading=\"lazy\" decoding=\"async\" width=\"724\" height=\"1024\" src=\"https:\/\/vallateater.sorvemaa.ee\/vt\/wp-content\/uploads\/2021\/04\/Kelgumaest-ja.punasest-BMW-st-1-724x1024.jpg\" alt=\"\" class=\"wp-image-1251\" srcset=\"https:\/\/vallateater.sorvemaa.ee\/vt\/wp-content\/uploads\/2021\/04\/Kelgumaest-ja.punasest-BMW-st-1-724x1024.jpg 724w, https:\/\/vallateater.sorvemaa.ee\/vt\/wp-content\/uploads\/2021\/04\/Kelgumaest-ja.punasest-BMW-st-1-212x300.jpg 212w, https:\/\/vallateater.sorvemaa.ee\/vt\/wp-content\/uploads\/2021\/04\/Kelgumaest-ja.punasest-BMW-st-1-768x1086.jpg 768w, https:\/\/vallateater.sorvemaa.ee\/vt\/wp-content\/uploads\/2021\/04\/Kelgumaest-ja.punasest-BMW-st-1-300x424.jpg 300w, https:\/\/vallateater.sorvemaa.ee\/vt\/wp-content\/uploads\/2021\/04\/Kelgumaest-ja.punasest-BMW-st-1-850x1202.jpg 850w, https:\/\/vallateater.sorvemaa.ee\/vt\/wp-content\/uploads\/2021\/04\/Kelgumaest-ja.punasest-BMW-st-1.jpg 992w\" sizes=\"auto, (max-width: 724px) 100vw, 724px\" \/><\/a><\/figure>\n","protected":false},"excerpt":{"rendered":"<p>Krass, Sillaots &#8220;S\u00f5brap\u00e4ev&#8221; ainetel 21. Aprill 2011 Lavastaja Maire Sillavee Muusikaline kujundus Margus Lepik N\u00e4itlejad Merili M\u00fc\u00fcr Kristel Sirel Gerlin Kruuser Helina Pesukov Mari J\u00f5gi Hedi Remm Viktooria Saveljeva Mihkel Tiits Karl Juhandi Ilmar Leimann Ants Saksakulm<\/p>\n","protected":false},"author":1,"featured_media":0,"parent":98,"menu_order":0,"comment_status":"closed","ping_status":"closed","template":"","meta":{"footnotes":""},"class_list":["post-115","page","type-page","status-publish","hentry"],"_links":{"self":[{"href":"https:\/\/vallateater.sorvemaa.ee\/vt\/wp-json\/wp\/v2\/pages\/115","targetHints":{"allow":["GET"]}}],"collection":[{"href":"https:\/\/vallateater.sorvemaa.ee\/vt\/wp-json\/wp\/v2\/pages"}],"about":[{"href":"https:\/\/vallateater.sorvemaa.ee\/vt\/wp-json\/wp\/v2\/types\/page"}],"author":[{"embeddable":true,"href":"https:\/\/vallateater.sorvemaa.ee\/vt\/wp-json\/wp\/v2\/users\/1"}],"replies":[{"embeddable":true,"href":"https:\/\/vallateater.sorvemaa.ee\/vt\/wp-json\/wp\/v2\/comments?post=115"}],"version-history":[{"count":3,"href":"https:\/\/vallateater.sorvemaa.ee\/vt\/wp-json\/wp\/v2\/pages\/115\/revisions"}],"predecessor-version":[{"id":1252,"href":"https:\/\/vallateater.sorvemaa.ee\/vt\/wp-json\/wp\/v2\/pages\/115\/revisions\/1252"}],"up":[{"embeddable":true,"href":"https:\/\/vallateater.sorvemaa.ee\/vt\/wp-json\/wp\/v2\/pages\/98"}],"wp:attachment":[{"href":"https:\/\/vallateater.sorvemaa.ee\/vt\/wp-json\/wp\/v2\/media?parent=115"}],"curies":[{"name":"wp","href":"https:\/\/api.w.org\/{rel}","templated":true}]}}