{"id":102,"date":"2019-04-25T17:33:31","date_gmt":"2019-04-25T17:33:31","guid":{"rendered":"https:\/\/vallateater.sorvemaa.ee\/vt\/?page_id=102"},"modified":"2020-07-28T13:21:40","modified_gmt":"2020-07-28T11:21:40","slug":"2005-hella-wuolijoki-hulkurivalss","status":"publish","type":"page","link":"https:\/\/vallateater.sorvemaa.ee\/vt\/about\/lavastused\/2005-hella-wuolijoki-hulkurivalss\/","title":{"rendered":"2005 Hella Wuolijoki &#8220;Hulkurivalss&#8221;"},"content":{"rendered":"\n<p>Esietendus 02.04 .2005<br><em>\u00dchevaatuseline draama<\/em><\/p>\n\n\n\n<h3 class=\"wp-block-heading\">Lavastaja<\/h3>\n\n\n\n<ul class=\"wp-block-list\"><li>Maire Sillavee<\/li><\/ul>\n\n\n\n<h3 class=\"wp-block-heading\">Kost\u00fc\u00fcmid<\/h3>\n\n\n\n<ul class=\"wp-block-list\"><li>Annika Juhandi<\/li><\/ul>\n\n\n\n<h3 class=\"wp-block-heading\">Lavakujundus<\/h3>\n\n\n\n<ul class=\"wp-block-list\"><li>Tuuli P\u00e4rtel<\/li><\/ul>\n\n\n\n<h3 class=\"wp-block-heading\">N\u00e4itlejad<\/h3>\n\n\n\n<ul class=\"wp-block-list\"><li>Tiia Holm<\/li><li>Meelis Juhandi<\/li><li>Kalmer Poopuu<\/li><li>Merle Sillavee<\/li><li>Annika Juhandi<\/li><li>Helle Timm<\/li><li>Valdur Kanne<\/li><li>Karl Juhandi\u00a0(trupi Rosin Provintsiteatrip\u00e4eval 2005)<\/li><\/ul>\n\n\n\n<figure class=\"wp-block-image size-large\"><img loading=\"lazy\" decoding=\"async\" width=\"1024\" height=\"680\" src=\"https:\/\/vallateater.sorvemaa.ee\/vt\/wp-content\/uploads\/2020\/07\/september-115-1024x680.jpg\" alt=\"\" class=\"wp-image-319\" srcset=\"https:\/\/vallateater.sorvemaa.ee\/vt\/wp-content\/uploads\/2020\/07\/september-115-1024x680.jpg 1024w, https:\/\/vallateater.sorvemaa.ee\/vt\/wp-content\/uploads\/2020\/07\/september-115-300x199.jpg 300w, https:\/\/vallateater.sorvemaa.ee\/vt\/wp-content\/uploads\/2020\/07\/september-115-768x510.jpg 768w, https:\/\/vallateater.sorvemaa.ee\/vt\/wp-content\/uploads\/2020\/07\/september-115-1536x1020.jpg 1536w, https:\/\/vallateater.sorvemaa.ee\/vt\/wp-content\/uploads\/2020\/07\/september-115-2048x1361.jpg 2048w, https:\/\/vallateater.sorvemaa.ee\/vt\/wp-content\/uploads\/2020\/07\/september-115-850x565.jpg 850w\" sizes=\"auto, (max-width: 1024px) 100vw, 1024px\" \/><\/figure>\n","protected":false},"excerpt":{"rendered":"<p>Esietendus 02.04 .2005\u00dchevaatuseline draama Lavastaja Maire Sillavee Kost\u00fc\u00fcmid Annika Juhandi Lavakujundus Tuuli P\u00e4rtel N\u00e4itlejad Tiia Holm Meelis Juhandi Kalmer Poopuu Merle Sillavee Annika Juhandi Helle Timm Valdur Kanne Karl Juhandi\u00a0(trupi Rosin Provintsiteatrip\u00e4eval 2005)<\/p>\n","protected":false},"author":1,"featured_media":0,"parent":55,"menu_order":0,"comment_status":"closed","ping_status":"closed","template":"","meta":{"footnotes":""},"class_list":["post-102","page","type-page","status-publish","hentry"],"_links":{"self":[{"href":"https:\/\/vallateater.sorvemaa.ee\/vt\/wp-json\/wp\/v2\/pages\/102","targetHints":{"allow":["GET"]}}],"collection":[{"href":"https:\/\/vallateater.sorvemaa.ee\/vt\/wp-json\/wp\/v2\/pages"}],"about":[{"href":"https:\/\/vallateater.sorvemaa.ee\/vt\/wp-json\/wp\/v2\/types\/page"}],"author":[{"embeddable":true,"href":"https:\/\/vallateater.sorvemaa.ee\/vt\/wp-json\/wp\/v2\/users\/1"}],"replies":[{"embeddable":true,"href":"https:\/\/vallateater.sorvemaa.ee\/vt\/wp-json\/wp\/v2\/comments?post=102"}],"version-history":[{"count":4,"href":"https:\/\/vallateater.sorvemaa.ee\/vt\/wp-json\/wp\/v2\/pages\/102\/revisions"}],"predecessor-version":[{"id":373,"href":"https:\/\/vallateater.sorvemaa.ee\/vt\/wp-json\/wp\/v2\/pages\/102\/revisions\/373"}],"up":[{"embeddable":true,"href":"https:\/\/vallateater.sorvemaa.ee\/vt\/wp-json\/wp\/v2\/pages\/55"}],"wp:attachment":[{"href":"https:\/\/vallateater.sorvemaa.ee\/vt\/wp-json\/wp\/v2\/media?parent=102"}],"curies":[{"name":"wp","href":"https:\/\/api.w.org\/{rel}","templated":true}]}}